{"id":778,"date":"2024-11-19T09:50:46","date_gmt":"2024-11-19T09:50:46","guid":{"rendered":"http:\/\/www.vilppulanveneilijat.fi\/?page_id=778"},"modified":"2024-12-17T09:45:37","modified_gmt":"2024-12-17T09:45:37","slug":"liity-jaseneksi","status":"publish","type":"page","link":"http:\/\/www.vilppulanveneilijat.fi\/?page_id=778","title":{"rendered":"Liity j\u00e4seneksi"},"content":{"rendered":"\n<p class=\"wp-block-paragraph\"><\/p>\n\n\n\n<p class=\"wp-block-paragraph\">T\u00e4ll\u00e4 lomakkeella voit liitty\u00e4 Vilppulan Veneilij\u00e4t ry:n j\u00e4seneksi. <\/p>\n\n\n\n<div class=\"wpcf7 no-js\" id=\"wpcf7-f1688-o1\" lang=\"fi\" dir=\"ltr\" data-wpcf7-id=\"1688\">\n<div class=\"screen-reader-response\"><p role=\"status\" aria-live=\"polite\" aria-atomic=\"true\"><\/p> <ul><\/ul><\/div>\n<form action=\"\/index.php?rest_route=%2Fwp%2Fv2%2Fpages%2F778#wpcf7-f1688-o1\" method=\"post\" class=\"wpcf7-form init\" aria-label=\"Yhteydenottolomake\" novalidate=\"novalidate\" data-status=\"init\">\n<fieldset class=\"hidden-fields-container\"><input type=\"hidden\" name=\"_wpcf7\" value=\"1688\" \/><input type=\"hidden\" name=\"_wpcf7_version\" value=\"6.1.5\" \/><input type=\"hidden\" name=\"_wpcf7_locale\" value=\"fi\" \/><input type=\"hidden\" name=\"_wpcf7_unit_tag\" value=\"wpcf7-f1688-o1\" \/><input type=\"hidden\" name=\"_wpcf7_container_post\" value=\"0\" \/><input type=\"hidden\" name=\"_wpcf7_posted_data_hash\" value=\"\" \/>\n<\/fieldset>\n<p><label> Nimesi<br \/>\n<span class=\"wpcf7-form-control-wrap\" data-name=\"your-name\"><input size=\"40\" maxlength=\"400\" class=\"wpcf7-form-control wpcf7-text wpcf7-validates-as-required\" autocomplete=\"name\" aria-required=\"true\" aria-invalid=\"false\" value=\"\" type=\"text\" name=\"your-name\" \/><\/span> <\/label>\n<\/p>\n<p><label> Seuraan liittyv\u00e4t venekunnan \/ perheen j\u00e4senet<br \/>\n<span class=\"wpcf7-form-control-wrap\" data-name=\"venekunta\"><textarea cols=\"40\" rows=\"10\" maxlength=\"2000\" class=\"wpcf7-form-control wpcf7-textarea\" aria-invalid=\"false\" name=\"venekunta\"><\/textarea><\/span> <\/label>\n<\/p>\n<p><label> S\u00e4hk\u00f6postiosoitteesi<br \/>\n<span class=\"wpcf7-form-control-wrap\" data-name=\"your-email\"><input size=\"40\" maxlength=\"400\" class=\"wpcf7-form-control wpcf7-email wpcf7-validates-as-required wpcf7-text wpcf7-validates-as-email\" autocomplete=\"email\" aria-required=\"true\" aria-invalid=\"false\" value=\"\" type=\"email\" name=\"your-email\" \/><\/span> <\/label>\n<\/p>\n<p><label> Puhelinnumerosi<br \/>\n<span class=\"wpcf7-form-control-wrap\" data-name=\"tel-461\"><input size=\"40\" maxlength=\"400\" class=\"wpcf7-form-control wpcf7-tel wpcf7-validates-as-required wpcf7-text wpcf7-validates-as-tel\" aria-required=\"true\" aria-invalid=\"false\" value=\"\" type=\"tel\" name=\"tel-461\" \/><\/span> <\/label>\n<\/p>\n<p><label>Veneen merkki, malli, rek.no. Pituus, leveys.<br \/>\n<span class=\"wpcf7-form-control-wrap\" data-name=\"Veneen-tiedot\"><textarea cols=\"40\" rows=\"10\" maxlength=\"2000\" class=\"wpcf7-form-control wpcf7-textarea\" aria-invalid=\"false\" name=\"Veneen-tiedot\"><\/textarea><\/span> <\/label>\n<\/p>\n<p><label> Tarvitsen <\/label><span class=\"wpcf7-form-control-wrap\" data-name=\"checkbox-361\"><span class=\"wpcf7-form-control wpcf7-checkbox\"><span class=\"wpcf7-list-item first\"><label><input type=\"checkbox\" name=\"checkbox-361[]\" value=\"Laituripaikka M\u00e4kitalonlahdessa\" \/><span class=\"wpcf7-list-item-label\">Laituripaikka M\u00e4kitalonlahdessa<\/span><\/label><\/span><span class=\"wpcf7-list-item\"><label><input type=\"checkbox\" name=\"checkbox-361[]\" value=\"Laituripaikka Honkatorpalla\" \/><span class=\"wpcf7-list-item-label\">Laituripaikka Honkatorpalla<\/span><\/label><\/span><span class=\"wpcf7-list-item last\"><label><input type=\"checkbox\" name=\"checkbox-361[]\" value=\"Honkatorpan k\u00e4ytt\u00f6oikeuden ja avaimen\" \/><span class=\"wpcf7-list-item-label\">Honkatorpan k\u00e4ytt\u00f6oikeuden ja avaimen<\/span><\/label><\/span><\/span><\/span><br \/>\n<label> Talvis\u00e4ilytyspaikka <\/label><span class=\"wpcf7-form-control-wrap\" data-name=\"checkbox-433\"><span class=\"wpcf7-form-control wpcf7-checkbox\"><span class=\"wpcf7-list-item first\"><label><input type=\"checkbox\" name=\"checkbox-433[]\" value=\"Ulkona\" \/><span class=\"wpcf7-list-item-label\">Ulkona<\/span><\/label><\/span><span class=\"wpcf7-list-item last\"><label><input type=\"checkbox\" name=\"checkbox-433[]\" value=\"Katoksessa\" \/><span class=\"wpcf7-list-item-label\">Katoksessa<\/span><\/label><\/span><\/span><\/span>\n<\/p>\n<p><label> Lis\u00e4tietoja<br \/>\n<span class=\"wpcf7-form-control-wrap\" data-name=\"your-message\"><textarea cols=\"40\" rows=\"10\" maxlength=\"2000\" class=\"wpcf7-form-control wpcf7-textarea\" aria-invalid=\"false\" name=\"your-message\"><\/textarea><\/span> <\/label>\n<\/p>\n<p><input class=\"wpcf7-form-control wpcf7-submit has-spinner\" type=\"submit\" value=\"L\u00e4het\u00e4\" \/>\n<\/p><div class=\"wpcf7-response-output\" aria-hidden=\"true\"><\/div>\n<\/form>\n<\/div>\n\n\n\n\n<p class=\"wp-block-paragraph\"><a href=\"https:\/\/www.vilppulanveneilijat.fi\/?page_id=755\">Palveluhinnasto<\/a><\/p>\n\n\n\n<p class=\"wp-block-paragraph\"><\/p>\n","protected":false},"excerpt":{"rendered":"<p>T\u00e4ll\u00e4 lomakkeella voit liitty\u00e4 Vilppulan Veneilij\u00e4t ry:n j\u00e4seneksi. Palveluhinnasto<\/p>\n","protected":false},"author":1,"featured_media":0,"parent":0,"menu_order":0,"comment_status":"closed","ping_status":"closed","template":"","meta":{"_crdt_document":"","ngg_post_thumbnail":0,"footnotes":""},"class_list":["post-778","page","type-page","status-publish","hentry"],"jetpack_sharing_enabled":true,"_links":{"self":[{"href":"http:\/\/www.vilppulanveneilijat.fi\/index.php?rest_route=\/wp\/v2\/pages\/778","targetHints":{"allow":["GET"]}}],"collection":[{"href":"http:\/\/www.vilppulanveneilijat.fi\/index.php?rest_route=\/wp\/v2\/pages"}],"about":[{"href":"http:\/\/www.vilppulanveneilijat.fi\/index.php?rest_route=\/wp\/v2\/types\/page"}],"author":[{"embeddable":true,"href":"http:\/\/www.vilppulanveneilijat.fi\/index.php?rest_route=\/wp\/v2\/users\/1"}],"replies":[{"embeddable":true,"href":"http:\/\/www.vilppulanveneilijat.fi\/index.php?rest_route=%2Fwp%2Fv2%2Fcomments&post=778"}],"version-history":[{"count":8,"href":"http:\/\/www.vilppulanveneilijat.fi\/index.php?rest_route=\/wp\/v2\/pages\/778\/revisions"}],"predecessor-version":[{"id":1736,"href":"http:\/\/www.vilppulanveneilijat.fi\/index.php?rest_route=\/wp\/v2\/pages\/778\/revisions\/1736"}],"wp:attachment":[{"href":"http:\/\/www.vilppulanveneilijat.fi\/index.php?rest_route=%2Fwp%2Fv2%2Fmedia&parent=778"}],"curies":[{"name":"wp","href":"https:\/\/api.w.org\/{rel}","templated":true}]}}